{"id":10758,"date":"2021-10-05T12:26:58","date_gmt":"2021-10-05T12:26:58","guid":{"rendered":"https:\/\/www.safetytrainingplus.com\/impressum\/"},"modified":"2026-02-10T11:37:27","modified_gmt":"2026-02-10T10:37:27","slug":"impressum","status":"publish","type":"page","link":"https:\/\/www.safetytrainingplus.com\/en\/impressum\/","title":{"rendered":"Impressum"},"content":{"rendered":"\t\t<div data-elementor-type=\"wp-page\" data-elementor-id=\"10758\" class=\"elementor elementor-10758 elementor-3587\" data-elementor-post-type=\"page\">\n\t\t\t\t<div class=\"elementor-element elementor-element-45c28aa e-con-full stp-body e-flex e-con e-parent\" data-id=\"45c28aa\" data-element_type=\"container\" data-e-type=\"container\">\n\t\t<div class=\"elementor-element elementor-element-7ea0a5e e-con-full e-flex e-con e-child\" data-id=\"7ea0a5e\" data-element_type=\"container\" data-e-type=\"container\">\n\t\t\t\t<div class=\"elementor-element elementor-element-e3a4fb9 elementor-tablet-align-left elementor-widget elementor-widget-breadcrumbs\" data-id=\"e3a4fb9\" data-element_type=\"widget\" data-e-type=\"widget\" data-widget_type=\"breadcrumbs.default\">\n\t\t\t\t<div class=\"elementor-widget-container\">\n\t\t\t\t\t<p id=\"breadcrumbs\"><span><span><a href=\"https:\/\/www.safetytrainingplus.com\/en\/dangerous-goods-training-consulting\/\">Home<\/a><\/span><\/span><\/p>\t\t\t\t<\/div>\n\t\t\t\t<\/div>\n\t\t\t\t<\/div>\n\t\t<div class=\"elementor-element elementor-element-7385186 e-con-full e-flex e-con e-child\" data-id=\"7385186\" data-element_type=\"container\" data-e-type=\"container\">\n\t\t<div class=\"elementor-element elementor-element-5fc7357 e-con-full e-flex e-con e-child\" data-id=\"5fc7357\" data-element_type=\"container\" data-e-type=\"container\" data-settings=\"{&quot;background_background&quot;:&quot;classic&quot;}\">\n\t\t\t\t<div class=\"elementor-element elementor-element-38de701 img-header elementor-widget elementor-widget-image\" data-id=\"38de701\" data-element_type=\"widget\" data-e-type=\"widget\" data-widget_type=\"image.default\">\n\t\t\t\t<div class=\"elementor-widget-container\">\n\t\t\t\t\t\t\t\t\t\t\t\t\t\t\t<img decoding=\"async\" width=\"150\" height=\"150\" src=\"https:\/\/www.safetytrainingplus.com\/wp-content\/uploads\/2024\/07\/gefahrgut-mit-stp.webp\" class=\"attachment-medium size-medium wp-image-26857\" alt=\"Logo von SAFETY Training Plus\" srcset=\"https:\/\/www.safetytrainingplus.com\/wp-content\/uploads\/2024\/07\/gefahrgut-mit-stp.webp 150w, https:\/\/www.safetytrainingplus.com\/wp-content\/uploads\/2024\/07\/gefahrgut-mit-stp-100x100.webp 100w\" sizes=\"(max-width: 150px) 100vw, 150px\" \/>\t\t\t\t\t\t\t\t\t\t\t\t\t\t\t<\/div>\n\t\t\t\t<\/div>\n\t\t\t\t<\/div>\n\t\t<div class=\"elementor-element elementor-element-9d6ab05 e-con-full e-flex e-con e-child\" data-id=\"9d6ab05\" data-element_type=\"container\" data-e-type=\"container\">\n\t\t\t\t<div class=\"elementor-element elementor-element-0fa2c39 hyphens elementor-widget elementor-widget-heading\" data-id=\"0fa2c39\" data-element_type=\"widget\" data-e-type=\"widget\" data-widget_type=\"heading.default\">\n\t\t\t\t<div class=\"elementor-widget-container\">\n\t\t\t\t\t<h1 class=\"elementor-heading-title elementor-size-default\">Imprint<\/h1>\t\t\t\t<\/div>\n\t\t\t\t<\/div>\n\t\t\t\t<\/div>\n\t\t\t\t<\/div>\n\t\t<div class=\"elementor-element elementor-element-27e8f97 e-con-full e-flex e-con e-child\" data-id=\"27e8f97\" data-element_type=\"container\" data-e-type=\"container\">\n\t\t<div class=\"elementor-element elementor-element-717ad57 e-con-full e-flex e-con e-child\" data-id=\"717ad57\" data-element_type=\"container\" data-e-type=\"container\">\n\t\t\t\t<div class=\"elementor-element elementor-element-57020bf elementor-widget elementor-widget-text-editor\" data-id=\"57020bf\" data-element_type=\"widget\" data-e-type=\"widget\" data-widget_type=\"text-editor.default\">\n\t\t\t\t<div class=\"elementor-widget-container\">\n\t\t\t\t\t\t\t\t\t<h2>SWITZERLAND<\/h2>\n\t\t\t\t\t\t\t\t<\/div>\n\t\t\t\t<\/div>\n\t\t\t\t<div class=\"elementor-element elementor-element-23f3e7c elementor-widget elementor-widget-text-editor\" data-id=\"23f3e7c\" data-element_type=\"widget\" data-e-type=\"widget\" data-widget_type=\"text-editor.default\">\n\t\t\t\t<div class=\"elementor-widget-container\">\n\t\t\t\t\t\t\t\t\tSAFETY Training Plus GmbH<br><br>Christoph Merian-Ring 11<br><br>CH-4153 Reinach BL<br><br>Phone +41 (0)61 701 22 22<br><br>info@safetytrainingplus.com<br><br>www.safetytrainingplus.com\t\t\t\t\t\t\t\t<\/div>\n\t\t\t\t<\/div>\n\t\t\t\t<\/div>\n\t\t<div class=\"elementor-element elementor-element-352c101 e-con-full e-flex e-con e-child\" data-id=\"352c101\" data-element_type=\"container\" data-e-type=\"container\">\n\t\t\t\t<div class=\"elementor-element elementor-element-3fdb596 elementor-widget elementor-widget-text-editor\" data-id=\"3fdb596\" data-element_type=\"widget\" data-e-type=\"widget\" data-widget_type=\"text-editor.default\">\n\t\t\t\t<div class=\"elementor-widget-container\">\n\t\t\t\t\t\t\t\t\t<h2>GERMANY<\/h2>\n\t\t\t\t\t\t\t\t<\/div>\n\t\t\t\t<\/div>\n\t\t\t\t<div class=\"elementor-element elementor-element-f0415d5 elementor-widget elementor-widget-text-editor\" data-id=\"f0415d5\" data-element_type=\"widget\" data-e-type=\"widget\" data-widget_type=\"text-editor.default\">\n\t\t\t\t<div class=\"elementor-widget-container\">\n\t\t\t\t\t\t\t\t\tSAFETY Training Plus GmbH <br> &#8211; Zweigniederlassung Deutschland<br><br>Ernst-Reuter-Stra\u00dfe 5<br><br>D-84489 Burghausen<br><br>Phone +49 (0)8677 91499-0<br><br>info@safetytrainingplus.com<br><br>www.safetytrainingplus.com\t\t\t\t\t\t\t\t<\/div>\n\t\t\t\t<\/div>\n\t\t\t\t<\/div>\n\t\t\t\t<\/div>\n\t\t<div class=\"elementor-element elementor-element-0a35b41 e-con-full e-flex e-con e-child\" data-id=\"0a35b41\" data-element_type=\"container\" data-e-type=\"container\">\n\t\t\t\t<div class=\"elementor-element elementor-element-8e66cc6 toc-akkordeon elementor-widget elementor-widget-n-accordion\" data-id=\"8e66cc6\" data-element_type=\"widget\" data-e-type=\"widget\" data-settings=\"{&quot;default_state&quot;:&quot;all_collapsed&quot;,&quot;n_accordion_animation_duration&quot;:{&quot;unit&quot;:&quot;ms&quot;,&quot;size&quot;:600,&quot;sizes&quot;:[]},&quot;max_items_expended&quot;:&quot;one&quot;}\" data-widget_type=\"nested-accordion.default\">\n\t\t\t\t<div class=\"elementor-widget-container\">\n\t\t\t\t\t\t\t<div class=\"e-n-accordion\" aria-label=\"Accordion. Open links with Enter or Space, close with Escape, and navigate with Arrow Keys\">\n\t\t\t\t\t\t<details id=\"e-n-accordion-item-1490\" class=\"e-n-accordion-item\" >\n\t\t\t\t<summary class=\"e-n-accordion-item-title\" data-accordion-index=\"1\" tabindex=\"0\" aria-expanded=\"false\" aria-controls=\"e-n-accordion-item-1490\" >\n\t\t\t\t\t<span class='e-n-accordion-item-title-header'><h2 class=\"e-n-accordion-item-title-text\"> Table of contents <\/h2><\/span>\n\t\t\t\t\t\t\t<span class='e-n-accordion-item-title-icon'>\n\t\t\t<span class='e-opened' ><i aria-hidden=\"true\" class=\"fas fa-minus\"><\/i><\/span>\n\t\t\t<span class='e-closed'><i aria-hidden=\"true\" class=\"fas fa-plus\"><\/i><\/span>\n\t\t<\/span>\n\n\t\t\t\t\t\t<\/summary>\n\t\t\t\t<div role=\"region\" aria-labelledby=\"e-n-accordion-item-1490\" class=\"elementor-element elementor-element-97844c5 e-con-full e-flex e-con e-child\" data-id=\"97844c5\" data-element_type=\"container\" data-e-type=\"container\">\n\t\t\t\t<div class=\"elementor-element elementor-element-218e1be elementor-widget elementor-widget-shortcode\" data-id=\"218e1be\" data-element_type=\"widget\" data-e-type=\"widget\" data-widget_type=\"shortcode.default\">\n\t\t\t\t<div class=\"elementor-widget-container\">\n\t\t\t\t\t\t\t<div class=\"elementor-shortcode\">\t    <nav id=\"dynamic-toc-69e3449602cb0\" class=\"dynamic-toc\">\n\t        <ul><\/ul>\n\t    <\/nav>\n\n\t    <script id=\"custom-toc-js\">\n\t    document.addEventListener(\"DOMContentLoaded\", function () {\n\t        const tocContainer = document.querySelector(\"#dynamic-toc-69e3449602cb0 ul\");\n\t        const content = document.querySelector(\".section-content\");\n\t        if (!tocContainer || !content) return;\n\n\t        const headings = content.querySelectorAll(\"h2\");\n\t        const tocLinks = [];\n\n\t        headings.forEach((heading, index) => {\n\t            let id = heading.id || \"section-\" + index;\n\t            heading.id = id;\n\n\t            \/\/ Insert hidden offset anchor above heading\n\t            const offsetAnchor = document.createElement(\"p\");\n\t            offsetAnchor.id = id + \"-anchor\";\n\t            offsetAnchor.style.position = \"relative\";\n\t            offsetAnchor.style.top = \"-100px\";\n\t            offsetAnchor.style.visibility = \"hidden\";\n\t            offsetAnchor.style.height = \"0\";\n\t            heading.before(offsetAnchor);\n\n\t            \/\/ Create TOC entry\n\t            const li = document.createElement(\"li\");\n\t            li.className = \"toc-item\";\n\t            const a = document.createElement(\"a\");\n\t            a.href = \"#\" + offsetAnchor.id;\n\t            a.className = \"toc-link\";\n\n\t            const numberSpan = document.createElement(\"span\");\n\t            numberSpan.className = \"toc-number\";\n\t            numberSpan.textContent = index + 1;\n\n\t            const textSpan = document.createElement(\"span\");\n\t            textSpan.className = \"toc-text\";\n\t            textSpan.textContent = heading.textContent;\n\n\t            a.appendChild(numberSpan);\n\t            a.appendChild(textSpan);\n\t            li.appendChild(a);\n\t            tocContainer.appendChild(li);\n\t            tocLinks.push({ heading, li });\n\t        });\n\n\t        function updateActiveLink() {\n\t            let current = null;\n\t            tocLinks.forEach(({ heading, li }) => {\n\t                const top = heading.getBoundingClientRect().top;\n\t                if (top < 250) {\n\t                    current = li;\n\t                }\n\t            });\n\t            tocLinks.forEach(({ li }) => li.classList.remove(\"active\"));\n\t            if (current) current.classList.add(\"active\");\n\t        }\n\n\t        window.addEventListener(\"scroll\", updateActiveLink, { passive: true });\n\t        window.addEventListener(\"resize\", updateActiveLink);\n\t        updateActiveLink();\n\t    });\n\t    <\/script>\n\t    <\/div>\n\t\t\t\t\t\t<\/div>\n\t\t\t\t<\/div>\n\t\t\t\t<\/div>\n\t\t\t\t\t<\/details>\n\t\t\t\t\t<\/div>\n\t\t\t\t\t\t<\/div>\n\t\t\t\t<\/div>\n\t\t\t\t<\/div>\n\t\t<div class=\"elementor-element elementor-element-9b9fec2 e-con-full e-flex e-con e-child\" data-id=\"9b9fec2\" data-element_type=\"container\" data-e-type=\"container\">\n\t\t\t\t<div class=\"elementor-element elementor-element-7299649 hyphens data section-content elementor-widget elementor-widget-text-editor\" data-id=\"7299649\" data-element_type=\"widget\" data-e-type=\"widget\" data-widget_type=\"text-editor.default\">\n\t\t\t\t<div class=\"elementor-widget-container\">\n\t\t\t\t\t\t\t\t\t<br><div class=\"inhalt-agbs\">\r\n  <div class=\"stp-section\">\r\n    <p class=\"scrollanchor\" id=\"imp#1-en\"><\/p>\r\n    <h2>Company data<\/h2>\r\n\r\n    <table style=\"border: none;\">\r\n      <tr>\r\n        <td style=\"width: 50%; border: none; background-color: transparent;\">\r\n    <p><strong>Switzerland<\/strong><\/p>\r\n    SAFETY Training Plus GmbH<br>\r\n    Company number:\u00a0 CH-241.4.002.532-0<br>\r\n    Authorized representative managing director: Herr Stephan Feichtner, Herr Dr. Roland M\u00fcller<br>\r\n    The place of jurisdiction is Reinach BL. However, SAFETY Training is entitled to assert any claims before any other competent court.<br>\r\n    Value added tax &#8211; identification number CHE &#8211; 109.710.893 MWSt\r\n\r\n    <\/td>\r\n    <td style=\"width: 50%; border: none; background-color: transparent;\">\r\n\r\n    <p><strong>Germany<\/strong><\/p>\r\n    SAFETY Training Plus GmbH Branch Germany<br>\r\n    Commercial register B Traunstein<br>\r\n    Company number: HRB 14815<br>\r\n    Authorized representative managing director: Gesch\u00e4ftsf\u00fchrer Herr Stephan Feichtner<br>\r\n    Register court tax office M\u00fchldorf<br>\r\n    Place of performance and jurisdiction Burghausen\/OBB.<br>\r\n    SAFETY Training is entitled to assert any claims before any other competent court.<br>\r\n    Sales tax identification number according to \u00a7 27 a Umsatzsteuergesetz\u00a0DE225806089\r\n\r\n    <\/td>\r\n    <\/tr>\r\n    <\/table>\r\n  <\/div><br><br>  <div class=\"stp-section\">\r\n    <p class=\"scrollanchor\" id=\"imp#2-en\"><\/p>\r\n    <h2>Content of the online offering \/ Journalistic editorial offering (&#8220;Dangerous Goods Blog&#8221;)<\/h2><br>\r\n    Person responsible for the offer: Thomas Feichtner<br>\r\n    The author assumes no liability for the topicality, correctness, completeness or quality of the information provided. Liability claims against the author, which refer to material or immaterial nature caused by use or disuse of the information or the use of incorrect or incomplete information are excluded, unless the author is not intentional or grossly negligent fault.<br>\r\n    All offers are subject to change and non-binding. The author expressly reserves the right to change, supplement or delete parts of the pages or the entire offer without prior notice or to cease publication temporarily or permanently.\r\n  <\/div><br><br>  <div class=\"stp-section\">\r\n    <p class=\"scrollanchor\" id=\"imp#3-en\"><\/p>\r\n    <h2>References and links<\/h2><br>\r\n    The author is not responsible for any contents linked or referred to from his pages &#8211; unless he has full knowledge of illegal contents and would be able to prevent the visitors of his site fromviewing those pages.\r\n    <br><br>\r\n    The author hereby expressly declares that at the time the links were created, no illegal content was identifiable on the linked pages. On the current and future design, content or authorship of the linked pages that were changed after the link. This statement applies to all links and references set within the author&#8217;s own Internet offer as well as to external entries in guest books, discussion forums, link directories, mailing lists and all other forms of databases set up by the author to which external write access is possible.\r\n    <br><br>\r\n    For illegal, incorrect or incomplete contents and especially for damages resulting from the use or non-use of such information, only the provider of the linked page is liable, not the one who has linked to the respective publication.\r\n  <\/div><br><br>  <div class=\"stp-section\">\r\n    <p class=\"scrollanchor\" id=\"imp#4-en\"><\/p>\r\n    <h2>Copyright and labeling law<\/h2><br>\r\n    The author endeavors to observe the copyrights of the images, graphics, sound documents, video sequences and texts used in all publications, to use images, graphics, sound documents, video sequences and texts created by himself or to use license-free graphics, sound documents and texts.\r\n    <br><br>\r\n    All within the Internet offer and possibly protected by third party brands and trademarks are subject without limitation to the provisions of applicable trademark law and the ownership rights of the copyright owner. The mere mention of a trademark does not imply that it is not protected by the rights of third parties!\r\n    <br><br>\r\n    The copyright for published objects created by the author himself remains solely with the author of the pages. Any duplication or use of objects such as diagrams, sounds or texts in other electronic or printed publications is not permitted without the author&#8217;s agreement.\r\n  <\/div><br><br>  <div class=\"stp-section\">\r\n    <p class=\"scrollanchor\" id=\"imp#5-en\"><\/p>\r\n    <h2>Legal validity of this disclaimer<\/h2><br>\r\n    This disclaimer is to be regarded as part of the internet publication which you were referred from. If sections or individual terms of this statement are not legal or correct, the content or validity of the other parts remain uninfluenced by this fact.\r\n  <\/div><br><br>  <div class=\"stp-section\">\r\n<p class=\"scrollanchor\" id=\"imp#6-en\"><\/p>\r\n<h2>Information on online dispute resolution<\/h2><br>\r\nWe participate in dispute resolution proceedings before a consumer arbitration board. The universal arbitration board of the Zentrum f\u00fcr Schlichtung e.V., Stra\u00dfburger Stra\u00dfe 8, 77694 Kehl am Rhein, Germany, is responsible.\r\n<a class=\"blog-link\" href=\"https:\/\/www.verbraucher-schlichter.de\" target=\"_blank\" rel=\"noopener\" data-content=\"https:\/\/www.verbraucher-schlichter.de\" data-type=\"external\">https:\/\/www.verbraucher-schlichter.de<\/a>\r\n<\/div><br><\/div><br>\t\t\t\t\t\t\t\t<\/div>\n\t\t\t\t<\/div>\n\t\t\t\t<\/div>\n\t\t\t\t<\/div>\n\t\t\t\t<\/div>\n\t\t","protected":false},"excerpt":{"rendered":"<p>Imprint SWITZERLAND SAFETY Training Plus GmbH Christoph Merian-Ring 11 CH-4153 Reinach BL Phone +41 (0)61 701 22 22 info@safetytrainingplus.com www.safetytrainingplus.com GERMANY SAFETY Training Plus GmbH &#8211; Zweigniederlassung Deutschland Ernst-Reuter-Stra\u00dfe 5 D-84489 Burghausen Phone +49 (0)8677 91499-0 info@safetytrainingplus.com www.safetytrainingplus.com Table of contents Company data Switzerland SAFETY Training Plus GmbH Company number:\u00a0 CH-241.4.002.532-0 Authorized representative managing director: [&hellip;]<\/p>\n","protected":false},"author":1,"featured_media":0,"parent":0,"menu_order":0,"comment_status":"closed","ping_status":"closed","template":"","meta":{"footnotes":""},"class_list":["post-10758","page","type-page","status-publish","hentry"],"yoast_head":"<!-- This site is optimized with the Yoast SEO plugin v27.3 - https:\/\/yoast.com\/product\/yoast-seo-wordpress\/ -->\n<title>Imprint - SAFETY Training Plus<\/title>\n<meta name=\"description\" content=\"SAFETY Training Plus - Training, online training and consulting on all aspects of dangerous goods. \u27a4 Get to know us!\" \/>\n<meta name=\"robots\" content=\"index, follow, max-snippet:-1, max-image-preview:large, max-video-preview:-1\" \/>\n<link rel=\"canonical\" href=\"https:\/\/www.safetytrainingplus.com\/en\/impressum\/\" \/>\n<meta property=\"og:locale\" content=\"en_US\" \/>\n<meta property=\"og:type\" content=\"article\" \/>\n<meta property=\"og:title\" content=\"Imprint - SAFETY Training Plus\" \/>\n<meta property=\"og:description\" content=\"SAFETY Training Plus - Training, online training and consulting on all aspects of dangerous goods. \u27a4 Get to know us!\" \/>\n<meta property=\"og:url\" content=\"https:\/\/www.safetytrainingplus.com\/en\/impressum\/\" \/>\n<meta property=\"og:site_name\" content=\"SAFETY Training Plus\" \/>\n<meta property=\"article:modified_time\" content=\"2026-02-10T10:37:27+00:00\" \/>\n<meta property=\"og:image\" content=\"https:\/\/www.safetytrainingplus.com\/wp-content\/uploads\/2024\/07\/gefahrgut-mit-stp.webp\" \/>\n\t<meta property=\"og:image:width\" content=\"150\" \/>\n\t<meta property=\"og:image:height\" content=\"150\" \/>\n\t<meta property=\"og:image:type\" content=\"image\/webp\" \/>\n<script type=\"application\/ld+json\" class=\"yoast-schema-graph\">{\"@context\":\"https:\\\/\\\/schema.org\",\"@graph\":[{\"@type\":\"WebPage\",\"@id\":\"https:\\\/\\\/www.safetytrainingplus.com\\\/en\\\/impressum\\\/\",\"url\":\"https:\\\/\\\/www.safetytrainingplus.com\\\/en\\\/impressum\\\/\",\"name\":\"Imprint - SAFETY Training Plus\",\"isPartOf\":{\"@id\":\"https:\\\/\\\/www.safetytrainingplus.com\\\/#website\"},\"primaryImageOfPage\":{\"@id\":\"https:\\\/\\\/www.safetytrainingplus.com\\\/en\\\/impressum\\\/#primaryimage\"},\"image\":{\"@id\":\"https:\\\/\\\/www.safetytrainingplus.com\\\/en\\\/impressum\\\/#primaryimage\"},\"thumbnailUrl\":\"https:\\\/\\\/www.safetytrainingplus.com\\\/wp-content\\\/uploads\\\/2024\\\/07\\\/gefahrgut-mit-stp.webp\",\"datePublished\":\"2021-10-05T12:26:58+00:00\",\"dateModified\":\"2026-02-10T10:37:27+00:00\",\"description\":\"SAFETY Training Plus - Training, online training and consulting on all aspects of dangerous goods. \u27a4 Get to know us!\",\"breadcrumb\":{\"@id\":\"https:\\\/\\\/www.safetytrainingplus.com\\\/en\\\/impressum\\\/#breadcrumb\"},\"inLanguage\":\"en-US\",\"potentialAction\":[{\"@type\":\"ReadAction\",\"target\":[\"https:\\\/\\\/www.safetytrainingplus.com\\\/en\\\/impressum\\\/\"]}]},{\"@type\":\"ImageObject\",\"inLanguage\":\"en-US\",\"@id\":\"https:\\\/\\\/www.safetytrainingplus.com\\\/en\\\/impressum\\\/#primaryimage\",\"url\":\"https:\\\/\\\/www.safetytrainingplus.com\\\/wp-content\\\/uploads\\\/2024\\\/07\\\/gefahrgut-mit-stp.webp\",\"contentUrl\":\"https:\\\/\\\/www.safetytrainingplus.com\\\/wp-content\\\/uploads\\\/2024\\\/07\\\/gefahrgut-mit-stp.webp\"},{\"@type\":\"BreadcrumbList\",\"@id\":\"https:\\\/\\\/www.safetytrainingplus.com\\\/en\\\/impressum\\\/#breadcrumb\",\"itemListElement\":[{\"@type\":\"ListItem\",\"position\":1,\"name\":\"Home\",\"item\":\"https:\\\/\\\/www.safetytrainingplus.com\\\/en\\\/dangerous-goods-training-consulting\\\/\"},{\"@type\":\"ListItem\",\"position\":2,\"name\":\"Impressum\"}]},{\"@type\":\"WebSite\",\"@id\":\"https:\\\/\\\/www.safetytrainingplus.com\\\/#website\",\"url\":\"https:\\\/\\\/www.safetytrainingplus.com\\\/\",\"name\":\"SAFETY Training Plus\",\"description\":\"Dangerous Goods Management\",\"publisher\":{\"@id\":\"https:\\\/\\\/www.safetytrainingplus.com\\\/#organization\"},\"alternateName\":\"STP\",\"potentialAction\":[{\"@type\":\"SearchAction\",\"target\":{\"@type\":\"EntryPoint\",\"urlTemplate\":\"https:\\\/\\\/www.safetytrainingplus.com\\\/?s={search_term_string}\"},\"query-input\":{\"@type\":\"PropertyValueSpecification\",\"valueRequired\":true,\"valueName\":\"search_term_string\"}}],\"inLanguage\":\"en-US\"},{\"@type\":\"Organization\",\"@id\":\"https:\\\/\\\/www.safetytrainingplus.com\\\/#organization\",\"name\":\"SAFETY Training Plus GmbH\",\"alternateName\":\"STP\",\"url\":\"https:\\\/\\\/www.safetytrainingplus.com\\\/\",\"logo\":{\"@type\":\"ImageObject\",\"inLanguage\":\"en-US\",\"@id\":\"https:\\\/\\\/www.safetytrainingplus.com\\\/#\\\/schema\\\/logo\\\/image\\\/\",\"url\":\"https:\\\/\\\/www.safetytrainingplus.com\\\/wp-content\\\/uploads\\\/2024\\\/07\\\/gefahrgut-mit-stp.webp\",\"contentUrl\":\"https:\\\/\\\/www.safetytrainingplus.com\\\/wp-content\\\/uploads\\\/2024\\\/07\\\/gefahrgut-mit-stp.webp\",\"width\":150,\"height\":150,\"caption\":\"SAFETY Training Plus GmbH\"},\"image\":{\"@id\":\"https:\\\/\\\/www.safetytrainingplus.com\\\/#\\\/schema\\\/logo\\\/image\\\/\"}}]}<\/script>\n<!-- \/ Yoast SEO plugin. -->","yoast_head_json":{"title":"Imprint - SAFETY Training Plus","description":"SAFETY Training Plus - Training, online training and consulting on all aspects of dangerous goods. \u27a4 Get to know us!","robots":{"index":"index","follow":"follow","max-snippet":"max-snippet:-1","max-image-preview":"max-image-preview:large","max-video-preview":"max-video-preview:-1"},"canonical":"https:\/\/www.safetytrainingplus.com\/en\/impressum\/","og_locale":"en_US","og_type":"article","og_title":"Imprint - SAFETY Training Plus","og_description":"SAFETY Training Plus - Training, online training and consulting on all aspects of dangerous goods. \u27a4 Get to know us!","og_url":"https:\/\/www.safetytrainingplus.com\/en\/impressum\/","og_site_name":"SAFETY Training Plus","article_modified_time":"2026-02-10T10:37:27+00:00","og_image":[{"width":150,"height":150,"url":"https:\/\/www.safetytrainingplus.com\/wp-content\/uploads\/2024\/07\/gefahrgut-mit-stp.webp","type":"image\/webp"}],"schema":{"@context":"https:\/\/schema.org","@graph":[{"@type":"WebPage","@id":"https:\/\/www.safetytrainingplus.com\/en\/impressum\/","url":"https:\/\/www.safetytrainingplus.com\/en\/impressum\/","name":"Imprint - SAFETY Training Plus","isPartOf":{"@id":"https:\/\/www.safetytrainingplus.com\/#website"},"primaryImageOfPage":{"@id":"https:\/\/www.safetytrainingplus.com\/en\/impressum\/#primaryimage"},"image":{"@id":"https:\/\/www.safetytrainingplus.com\/en\/impressum\/#primaryimage"},"thumbnailUrl":"https:\/\/www.safetytrainingplus.com\/wp-content\/uploads\/2024\/07\/gefahrgut-mit-stp.webp","datePublished":"2021-10-05T12:26:58+00:00","dateModified":"2026-02-10T10:37:27+00:00","description":"SAFETY Training Plus - Training, online training and consulting on all aspects of dangerous goods. \u27a4 Get to know us!","breadcrumb":{"@id":"https:\/\/www.safetytrainingplus.com\/en\/impressum\/#breadcrumb"},"inLanguage":"en-US","potentialAction":[{"@type":"ReadAction","target":["https:\/\/www.safetytrainingplus.com\/en\/impressum\/"]}]},{"@type":"ImageObject","inLanguage":"en-US","@id":"https:\/\/www.safetytrainingplus.com\/en\/impressum\/#primaryimage","url":"https:\/\/www.safetytrainingplus.com\/wp-content\/uploads\/2024\/07\/gefahrgut-mit-stp.webp","contentUrl":"https:\/\/www.safetytrainingplus.com\/wp-content\/uploads\/2024\/07\/gefahrgut-mit-stp.webp"},{"@type":"BreadcrumbList","@id":"https:\/\/www.safetytrainingplus.com\/en\/impressum\/#breadcrumb","itemListElement":[{"@type":"ListItem","position":1,"name":"Home","item":"https:\/\/www.safetytrainingplus.com\/en\/dangerous-goods-training-consulting\/"},{"@type":"ListItem","position":2,"name":"Impressum"}]},{"@type":"WebSite","@id":"https:\/\/www.safetytrainingplus.com\/#website","url":"https:\/\/www.safetytrainingplus.com\/","name":"SAFETY Training Plus","description":"Dangerous Goods Management","publisher":{"@id":"https:\/\/www.safetytrainingplus.com\/#organization"},"alternateName":"STP","potentialAction":[{"@type":"SearchAction","target":{"@type":"EntryPoint","urlTemplate":"https:\/\/www.safetytrainingplus.com\/?s={search_term_string}"},"query-input":{"@type":"PropertyValueSpecification","valueRequired":true,"valueName":"search_term_string"}}],"inLanguage":"en-US"},{"@type":"Organization","@id":"https:\/\/www.safetytrainingplus.com\/#organization","name":"SAFETY Training Plus GmbH","alternateName":"STP","url":"https:\/\/www.safetytrainingplus.com\/","logo":{"@type":"ImageObject","inLanguage":"en-US","@id":"https:\/\/www.safetytrainingplus.com\/#\/schema\/logo\/image\/","url":"https:\/\/www.safetytrainingplus.com\/wp-content\/uploads\/2024\/07\/gefahrgut-mit-stp.webp","contentUrl":"https:\/\/www.safetytrainingplus.com\/wp-content\/uploads\/2024\/07\/gefahrgut-mit-stp.webp","width":150,"height":150,"caption":"SAFETY Training Plus GmbH"},"image":{"@id":"https:\/\/www.safetytrainingplus.com\/#\/schema\/logo\/image\/"}}]}},"_links":{"self":[{"href":"https:\/\/www.safetytrainingplus.com\/en\/wp-json\/wp\/v2\/pages\/10758","targetHints":{"allow":["GET"]}}],"collection":[{"href":"https:\/\/www.safetytrainingplus.com\/en\/wp-json\/wp\/v2\/pages"}],"about":[{"href":"https:\/\/www.safetytrainingplus.com\/en\/wp-json\/wp\/v2\/types\/page"}],"author":[{"embeddable":true,"href":"https:\/\/www.safetytrainingplus.com\/en\/wp-json\/wp\/v2\/users\/1"}],"replies":[{"embeddable":true,"href":"https:\/\/www.safetytrainingplus.com\/en\/wp-json\/wp\/v2\/comments?post=10758"}],"version-history":[{"count":0,"href":"https:\/\/www.safetytrainingplus.com\/en\/wp-json\/wp\/v2\/pages\/10758\/revisions"}],"wp:attachment":[{"href":"https:\/\/www.safetytrainingplus.com\/en\/wp-json\/wp\/v2\/media?parent=10758"}],"curies":[{"name":"wp","href":"https:\/\/api.w.org\/{rel}","templated":true}]}}